{"id":105,"date":"2017-02-09T17:43:18","date_gmt":"2017-02-09T16:43:18","guid":{"rendered":"http:\/\/piniel.ch\/wordpress\/?page_id=105"},"modified":"2022-09-21T12:08:50","modified_gmt":"2022-09-21T11:08:50","slug":"autorin","status":"publish","type":"page","link":"https:\/\/piniel.ch\/wordpress\/autorin\/","title":{"rendered":"Autorin"},"content":{"rendered":"<h1>Jolanda Piniel<\/h1>\n<p><img loading=\"lazy\" decoding=\"async\" class=\"alignright wp-image-434\" src=\"http:\/\/piniel.ch\/wordpress\/wp-content\/uploads\/2017\/02\/Portr\u00e4t_06-681x1024.jpg\" alt=\"Jolanda Piniel\" width=\"350\" height=\"526\" data-id=\"434\" srcset=\"https:\/\/piniel.ch\/wordpress\/wp-content\/uploads\/2017\/02\/Portr\u00e4t_06-681x1024.jpg 681w, https:\/\/piniel.ch\/wordpress\/wp-content\/uploads\/2017\/02\/Portr\u00e4t_06-300x450.jpg 300w, https:\/\/piniel.ch\/wordpress\/wp-content\/uploads\/2017\/02\/Portr\u00e4t_06-768x1154.jpg 768w\" sizes=\"auto, (max-width: 350px) 100vw, 350px\" \/><br \/>\nJolanda Piniel, geboren in Winterthur, studierte Ethnologie und spanische Literaturwissenschaft und Publizistikwissenschaft an der Universit\u00e4t Z\u00fcrich. Sie schloss das Studium mit einer Lizentiatsarbeit \u00fcber Strassenkinder in Mexiko-City ab. Bereits w\u00e4hrend des Studiums arbeitete sie als Redakteurin bei Radio SRF. Sp\u00e4ter wurde sie Filmemacherin sowie wissenschaftliche Mitarbeiterin im Rahmen universit\u00e4rer Forschungsprojekte. Neben ihrer freien schriftstellerischen Arbeit unterrichtet sie Deutsch f\u00fcr Erwachsene und leitet Schreibwerkst\u00e4tten (Aargauer Literaturhaus in Lenzburg; Maxim-Theater in Z\u00fcrich).<br \/>\nJolanda Piniel lebt in Z\u00fcrich.<\/p>\n<h3>Auszeichnungen<\/h3>\n\n<table id=\"tablepress-1\" class=\"tablepress tablepress-id-1 schmal\">\n<tbody>\n<tr class=\"row-1\">\n\t<td class=\"column-1\">2021<\/td><td class=\"column-2\">Stadt Z\u00fcrich<\/td><td class=\"column-3\">Arbeitsstipendium Covid-19<\/td>\n<\/tr>\n<tr class=\"row-2\">\n\t<td class=\"column-1\">2016<\/td><td class=\"column-2\">Kanton Z\u00fcrich<\/td><td class=\"column-3\">Werkbeitrag<\/td>\n<\/tr>\n<tr class=\"row-3\">\n\t<td class=\"column-1\">2011<\/td><td class=\"column-2\">Kanton Z\u00fcrich<\/td><td class=\"column-3\">Werkbeitrag<\/td>\n<\/tr>\n<tr class=\"row-4\">\n\t<td class=\"column-1\">2008\/09 <\/td><td class=\"column-2\">Landis&amp;Gyr Stiftung<\/td><td class=\"column-3\">Atelierstipendium in Bukarest<\/td>\n<\/tr>\n<\/tbody>\n<\/table>\n<!-- #tablepress-1 from cache -->\n<h3>Momentaufnahmen<\/h3>\n<figure id=\"attachment_536\" aria-describedby=\"caption-attachment-536\" style=\"width: 700px\" class=\"wp-caption alignleft\"><img loading=\"lazy\" decoding=\"async\" class=\"wp-image-536\" src=\"http:\/\/piniel.ch\/wordpress\/wp-content\/uploads\/2017\/02\/P1050095-1024x666.jpg\" alt=\"Jolanda Piniel\" width=\"700\" height=\"455\" data-id=\"536\" srcset=\"https:\/\/piniel.ch\/wordpress\/wp-content\/uploads\/2017\/02\/P1050095-1024x666.jpg 1024w, https:\/\/piniel.ch\/wordpress\/wp-content\/uploads\/2017\/02\/P1050095-400x260.jpg 400w, https:\/\/piniel.ch\/wordpress\/wp-content\/uploads\/2017\/02\/P1050095-768x500.jpg 768w\" sizes=\"auto, (max-width: 700px) 100vw, 700px\" \/><figcaption id=\"caption-attachment-536\" class=\"wp-caption-text\">Im Gespr\u00e4ch mit Thilo Krause im Teatro Ticino in W\u00e4denswil anl\u00e4sslich der Verleihung des Werkbeitrags 2016 durch die Fachstelle Kultur des Kantons Z\u00fcrich.<\/figcaption><\/figure>\n<figure id=\"attachment_535\" aria-describedby=\"caption-attachment-535\" style=\"width: 700px\" class=\"wp-caption alignright\"><img loading=\"lazy\" decoding=\"async\" class=\"wp-image-535\" src=\"http:\/\/piniel.ch\/wordpress\/wp-content\/uploads\/2017\/02\/Kiel_2013-1-1024x768.jpeg\" alt=\"\" width=\"700\" height=\"525\" data-id=\"535\" srcset=\"https:\/\/piniel.ch\/wordpress\/wp-content\/uploads\/2017\/02\/Kiel_2013-1-1024x768.jpeg 1024w, https:\/\/piniel.ch\/wordpress\/wp-content\/uploads\/2017\/02\/Kiel_2013-1-400x300.jpeg 400w, https:\/\/piniel.ch\/wordpress\/wp-content\/uploads\/2017\/02\/Kiel_2013-1-768x576.jpeg 768w\" sizes=\"auto, (max-width: 700px) 100vw, 700px\" \/><figcaption id=\"caption-attachment-535\" class=\"wp-caption-text\">Jolanda Piniel liest am Europ\u00e4ischen Festival des Deb\u00fctromans in Kiel.<\/figcaption><\/figure>\n<figure id=\"attachment_534\" aria-describedby=\"caption-attachment-534\" style=\"width: 700px\" class=\"wp-caption alignleft\"><img loading=\"lazy\" decoding=\"async\" class=\"wp-image-534\" src=\"http:\/\/piniel.ch\/wordpress\/wp-content\/uploads\/2017\/02\/Bukarest-by-pixlr-1-1024x760.jpeg\" alt=\"\" width=\"700\" height=\"519\" data-id=\"534\" srcset=\"https:\/\/piniel.ch\/wordpress\/wp-content\/uploads\/2017\/02\/Bukarest-by-pixlr-1-1024x760.jpeg 1024w, https:\/\/piniel.ch\/wordpress\/wp-content\/uploads\/2017\/02\/Bukarest-by-pixlr-1-400x297.jpeg 400w, https:\/\/piniel.ch\/wordpress\/wp-content\/uploads\/2017\/02\/Bukarest-by-pixlr-1-768x570.jpeg 768w\" sizes=\"auto, (max-width: 700px) 100vw, 700px\" \/><figcaption id=\"caption-attachment-534\" class=\"wp-caption-text\">Im Sommer 2013 pr\u00e4sentiert Jolanda Piniel ihren Roman Die Verbannte an der Buchmesse in Bukarest.<\/figcaption><\/figure>\n<figure id=\"attachment_521\" aria-describedby=\"caption-attachment-521\" style=\"width: 700px\" class=\"wp-caption alignright\"><img loading=\"lazy\" decoding=\"async\" class=\"wp-image-521\" src=\"http:\/\/piniel.ch\/wordpress\/wp-content\/uploads\/2017\/02\/Stadtbibliothek-Winterthur-by-pixlr.jpeg\" alt=\"\" width=\"700\" height=\"425\" data-id=\"521\" srcset=\"https:\/\/piniel.ch\/wordpress\/wp-content\/uploads\/2017\/02\/Stadtbibliothek-Winterthur-by-pixlr.jpeg 971w, https:\/\/piniel.ch\/wordpress\/wp-content\/uploads\/2017\/02\/Stadtbibliothek-Winterthur-by-pixlr-400x243.jpeg 400w, https:\/\/piniel.ch\/wordpress\/wp-content\/uploads\/2017\/02\/Stadtbibliothek-Winterthur-by-pixlr-768x467.jpeg 768w\" sizes=\"auto, (max-width: 700px) 100vw, 700px\" \/><figcaption id=\"caption-attachment-521\" class=\"wp-caption-text\">Die Lesung in der Winterthurer Stadtbibliothek wird von der Lektorin Liliane Studer moderiert.<\/figcaption><\/figure>\n","protected":false},"excerpt":{"rendered":"<p>Jolanda Piniel Jolanda Piniel, geboren in Winterthur, studierte Ethnologie und spanische Literaturwissenschaft und Publizistikwissenschaft an der Universit\u00e4t Z\u00fcrich. Sie schloss das Studium mit einer Lizentiatsarbeit \u00fcber Strassenkinder in Mexiko-City ab. Bereits w\u00e4hrend des Studiums arbeitete sie als Redakteurin bei Radio SRF. Sp\u00e4ter wurde sie Filmemacherin sowie wissenschaftliche Mitarbeiterin im Rahmen universit\u00e4rer Forschungsprojekte. Neben ihrer freien&hellip;&nbsp;<a href=\"https:\/\/piniel.ch\/wordpress\/autorin\/\" rel=\"bookmark\">Weiterlesen &raquo;<span class=\"screen-reader-text\">Autorin<\/span><\/a><\/p>\n","protected":false},"author":1,"featured_media":0,"parent":0,"menu_order":0,"comment_status":"closed","ping_status":"closed","template":"","meta":{"neve_meta_sidebar":"","neve_meta_container":"","neve_meta_enable_content_width":"","neve_meta_content_width":0,"neve_meta_title_alignment":"","neve_meta_author_avatar":"","neve_post_elements_order":"","neve_meta_disable_header":"","neve_meta_disable_footer":"","neve_meta_disable_title":"","footnotes":""},"class_list":["post-105","page","type-page","status-publish","hentry"],"yoast_head":"<!-- This site is optimized with the Yoast SEO plugin v27.0 - https:\/\/yoast.com\/product\/yoast-seo-wordpress\/ -->\n<title>Autorin - Jolanda Piniel Schriftstellerin<\/title>\n<meta name=\"description\" content=\"Jolanda Piniel studierte Ethnologie, spanische Literaturwissenschaft und Publizistikwissenschaft an der Universit\u00e4t Z\u00fcrich.\" \/>\n<meta name=\"robots\" content=\"index, follow, max-snippet:-1, max-image-preview:large, max-video-preview:-1\" \/>\n<link rel=\"canonical\" href=\"https:\/\/piniel.ch\/wordpress\/autorin\/\" \/>\n<meta property=\"og:locale\" content=\"de_DE\" \/>\n<meta property=\"og:type\" content=\"article\" \/>\n<meta property=\"og:title\" content=\"Autorin - Jolanda Piniel Schriftstellerin\" \/>\n<meta property=\"og:description\" content=\"Jolanda Piniel studierte Ethnologie, spanische Literaturwissenschaft und Publizistikwissenschaft an der Universit\u00e4t Z\u00fcrich.\" \/>\n<meta property=\"og:url\" content=\"https:\/\/piniel.ch\/wordpress\/autorin\/\" \/>\n<meta property=\"og:site_name\" content=\"Jolanda Piniel Schriftstellerin\" \/>\n<meta property=\"article:publisher\" content=\"https:\/\/www.facebook.com\/jolanda.piniel\" \/>\n<meta property=\"article:modified_time\" content=\"2022-09-21T11:08:50+00:00\" \/>\n<meta property=\"og:image\" content=\"http:\/\/piniel.ch\/wordpress\/wp-content\/uploads\/2017\/02\/P1050095-1024x666.jpg\" \/>\n<meta name=\"twitter:card\" content=\"summary_large_image\" \/>\n<meta name=\"twitter:label1\" content=\"Gesch\u00e4tzte Lesezeit\" \/>\n\t<meta name=\"twitter:data1\" content=\"2\u00a0Minuten\" \/>\n<script type=\"application\/ld+json\" class=\"yoast-schema-graph\">{\"@context\":\"https:\/\/schema.org\",\"@graph\":[{\"@type\":\"WebPage\",\"@id\":\"https:\/\/piniel.ch\/wordpress\/autorin\/\",\"url\":\"https:\/\/piniel.ch\/wordpress\/autorin\/\",\"name\":\"Autorin - Jolanda Piniel Schriftstellerin\",\"isPartOf\":{\"@id\":\"https:\/\/piniel.ch\/wordpress\/#website\"},\"primaryImageOfPage\":{\"@id\":\"https:\/\/piniel.ch\/wordpress\/autorin\/#primaryimage\"},\"image\":{\"@id\":\"https:\/\/piniel.ch\/wordpress\/autorin\/#primaryimage\"},\"thumbnailUrl\":\"http:\/\/piniel.ch\/wordpress\/wp-content\/uploads\/2017\/02\/P1050095-1024x666.jpg\",\"datePublished\":\"2017-02-09T16:43:18+00:00\",\"dateModified\":\"2022-09-21T11:08:50+00:00\",\"description\":\"Jolanda Piniel studierte Ethnologie, spanische Literaturwissenschaft und Publizistikwissenschaft an der Universit\u00e4t Z\u00fcrich.\",\"breadcrumb\":{\"@id\":\"https:\/\/piniel.ch\/wordpress\/autorin\/#breadcrumb\"},\"inLanguage\":\"de\",\"potentialAction\":[{\"@type\":\"ReadAction\",\"target\":[\"https:\/\/piniel.ch\/wordpress\/autorin\/\"]}]},{\"@type\":\"ImageObject\",\"inLanguage\":\"de\",\"@id\":\"https:\/\/piniel.ch\/wordpress\/autorin\/#primaryimage\",\"url\":\"http:\/\/piniel.ch\/wordpress\/wp-content\/uploads\/2017\/02\/P1050095-1024x666.jpg\",\"contentUrl\":\"http:\/\/piniel.ch\/wordpress\/wp-content\/uploads\/2017\/02\/P1050095-1024x666.jpg\"},{\"@type\":\"BreadcrumbList\",\"@id\":\"https:\/\/piniel.ch\/wordpress\/autorin\/#breadcrumb\",\"itemListElement\":[{\"@type\":\"ListItem\",\"position\":1,\"name\":\"Startseite\",\"item\":\"https:\/\/piniel.ch\/wordpress\/\"},{\"@type\":\"ListItem\",\"position\":2,\"name\":\"Autorin\"}]},{\"@type\":\"WebSite\",\"@id\":\"https:\/\/piniel.ch\/wordpress\/#website\",\"url\":\"https:\/\/piniel.ch\/wordpress\/\",\"name\":\"Jolanda Piniel Schriftstellerin\",\"description\":\"Jolanda Piniel wurde 1969 in Winterthur geboren. Nach dem Studum der Ethnologie und Hispanistik arbeitete sie als Radiojournalistin, Filmemacherin und wissenschaftliche Mitarbeiterin bei Forschungsprojekten. Die Autorin lebt in Z\u00fcrich.\",\"publisher\":{\"@id\":\"https:\/\/piniel.ch\/wordpress\/#\/schema\/person\/71f39221d0caedf46e115501880de3b2\"},\"potentialAction\":[{\"@type\":\"SearchAction\",\"target\":{\"@type\":\"EntryPoint\",\"urlTemplate\":\"https:\/\/piniel.ch\/wordpress\/?s={search_term_string}\"},\"query-input\":{\"@type\":\"PropertyValueSpecification\",\"valueRequired\":true,\"valueName\":\"search_term_string\"}}],\"inLanguage\":\"de\"},{\"@type\":[\"Person\",\"Organization\"],\"@id\":\"https:\/\/piniel.ch\/wordpress\/#\/schema\/person\/71f39221d0caedf46e115501880de3b2\",\"name\":\"Jolanda Piniel\",\"image\":{\"@type\":\"ImageObject\",\"inLanguage\":\"de\",\"@id\":\"https:\/\/piniel.ch\/wordpress\/#\/schema\/person\/image\/\",\"url\":\"https:\/\/piniel.ch\/wordpress\/wp-content\/uploads\/2017\/02\/Jolanda-Piniel-Foto@Ayse--681x1024.jpg\",\"contentUrl\":\"https:\/\/piniel.ch\/wordpress\/wp-content\/uploads\/2017\/02\/Jolanda-Piniel-Foto@Ayse--681x1024.jpg\",\"width\":681,\"height\":1024,\"caption\":\"Jolanda Piniel\"},\"logo\":{\"@id\":\"https:\/\/piniel.ch\/wordpress\/#\/schema\/person\/image\/\"},\"sameAs\":[\"http:\/\/Piniel.ch\",\"https:\/\/www.facebook.com\/jolanda.piniel\"]}]}<\/script>\n<!-- \/ Yoast SEO plugin. -->","yoast_head_json":{"title":"Autorin - Jolanda Piniel Schriftstellerin","description":"Jolanda Piniel studierte Ethnologie, spanische Literaturwissenschaft und Publizistikwissenschaft an der Universit\u00e4t Z\u00fcrich.","robots":{"index":"index","follow":"follow","max-snippet":"max-snippet:-1","max-image-preview":"max-image-preview:large","max-video-preview":"max-video-preview:-1"},"canonical":"https:\/\/piniel.ch\/wordpress\/autorin\/","og_locale":"de_DE","og_type":"article","og_title":"Autorin - Jolanda Piniel Schriftstellerin","og_description":"Jolanda Piniel studierte Ethnologie, spanische Literaturwissenschaft und Publizistikwissenschaft an der Universit\u00e4t Z\u00fcrich.","og_url":"https:\/\/piniel.ch\/wordpress\/autorin\/","og_site_name":"Jolanda Piniel Schriftstellerin","article_publisher":"https:\/\/www.facebook.com\/jolanda.piniel","article_modified_time":"2022-09-21T11:08:50+00:00","og_image":[{"url":"http:\/\/piniel.ch\/wordpress\/wp-content\/uploads\/2017\/02\/P1050095-1024x666.jpg","type":"","width":"","height":""}],"twitter_card":"summary_large_image","twitter_misc":{"Gesch\u00e4tzte Lesezeit":"2\u00a0Minuten"},"schema":{"@context":"https:\/\/schema.org","@graph":[{"@type":"WebPage","@id":"https:\/\/piniel.ch\/wordpress\/autorin\/","url":"https:\/\/piniel.ch\/wordpress\/autorin\/","name":"Autorin - Jolanda Piniel Schriftstellerin","isPartOf":{"@id":"https:\/\/piniel.ch\/wordpress\/#website"},"primaryImageOfPage":{"@id":"https:\/\/piniel.ch\/wordpress\/autorin\/#primaryimage"},"image":{"@id":"https:\/\/piniel.ch\/wordpress\/autorin\/#primaryimage"},"thumbnailUrl":"http:\/\/piniel.ch\/wordpress\/wp-content\/uploads\/2017\/02\/P1050095-1024x666.jpg","datePublished":"2017-02-09T16:43:18+00:00","dateModified":"2022-09-21T11:08:50+00:00","description":"Jolanda Piniel studierte Ethnologie, spanische Literaturwissenschaft und Publizistikwissenschaft an der Universit\u00e4t Z\u00fcrich.","breadcrumb":{"@id":"https:\/\/piniel.ch\/wordpress\/autorin\/#breadcrumb"},"inLanguage":"de","potentialAction":[{"@type":"ReadAction","target":["https:\/\/piniel.ch\/wordpress\/autorin\/"]}]},{"@type":"ImageObject","inLanguage":"de","@id":"https:\/\/piniel.ch\/wordpress\/autorin\/#primaryimage","url":"http:\/\/piniel.ch\/wordpress\/wp-content\/uploads\/2017\/02\/P1050095-1024x666.jpg","contentUrl":"http:\/\/piniel.ch\/wordpress\/wp-content\/uploads\/2017\/02\/P1050095-1024x666.jpg"},{"@type":"BreadcrumbList","@id":"https:\/\/piniel.ch\/wordpress\/autorin\/#breadcrumb","itemListElement":[{"@type":"ListItem","position":1,"name":"Startseite","item":"https:\/\/piniel.ch\/wordpress\/"},{"@type":"ListItem","position":2,"name":"Autorin"}]},{"@type":"WebSite","@id":"https:\/\/piniel.ch\/wordpress\/#website","url":"https:\/\/piniel.ch\/wordpress\/","name":"Jolanda Piniel Schriftstellerin","description":"Jolanda Piniel wurde 1969 in Winterthur geboren. Nach dem Studum der Ethnologie und Hispanistik arbeitete sie als Radiojournalistin, Filmemacherin und wissenschaftliche Mitarbeiterin bei Forschungsprojekten. Die Autorin lebt in Z\u00fcrich.","publisher":{"@id":"https:\/\/piniel.ch\/wordpress\/#\/schema\/person\/71f39221d0caedf46e115501880de3b2"},"potentialAction":[{"@type":"SearchAction","target":{"@type":"EntryPoint","urlTemplate":"https:\/\/piniel.ch\/wordpress\/?s={search_term_string}"},"query-input":{"@type":"PropertyValueSpecification","valueRequired":true,"valueName":"search_term_string"}}],"inLanguage":"de"},{"@type":["Person","Organization"],"@id":"https:\/\/piniel.ch\/wordpress\/#\/schema\/person\/71f39221d0caedf46e115501880de3b2","name":"Jolanda Piniel","image":{"@type":"ImageObject","inLanguage":"de","@id":"https:\/\/piniel.ch\/wordpress\/#\/schema\/person\/image\/","url":"https:\/\/piniel.ch\/wordpress\/wp-content\/uploads\/2017\/02\/Jolanda-Piniel-Foto@Ayse--681x1024.jpg","contentUrl":"https:\/\/piniel.ch\/wordpress\/wp-content\/uploads\/2017\/02\/Jolanda-Piniel-Foto@Ayse--681x1024.jpg","width":681,"height":1024,"caption":"Jolanda Piniel"},"logo":{"@id":"https:\/\/piniel.ch\/wordpress\/#\/schema\/person\/image\/"},"sameAs":["http:\/\/Piniel.ch","https:\/\/www.facebook.com\/jolanda.piniel"]}]}},"_links":{"self":[{"href":"https:\/\/piniel.ch\/wordpress\/wp-json\/wp\/v2\/pages\/105","targetHints":{"allow":["GET"]}}],"collection":[{"href":"https:\/\/piniel.ch\/wordpress\/wp-json\/wp\/v2\/pages"}],"about":[{"href":"https:\/\/piniel.ch\/wordpress\/wp-json\/wp\/v2\/types\/page"}],"author":[{"embeddable":true,"href":"https:\/\/piniel.ch\/wordpress\/wp-json\/wp\/v2\/users\/1"}],"replies":[{"embeddable":true,"href":"https:\/\/piniel.ch\/wordpress\/wp-json\/wp\/v2\/comments?post=105"}],"version-history":[{"count":51,"href":"https:\/\/piniel.ch\/wordpress\/wp-json\/wp\/v2\/pages\/105\/revisions"}],"predecessor-version":[{"id":1016,"href":"https:\/\/piniel.ch\/wordpress\/wp-json\/wp\/v2\/pages\/105\/revisions\/1016"}],"wp:attachment":[{"href":"https:\/\/piniel.ch\/wordpress\/wp-json\/wp\/v2\/media?parent=105"}],"curies":[{"name":"wp","href":"https:\/\/api.w.org\/{rel}","templated":true}]}}