{"id":34,"date":"2017-02-01T15:10:50","date_gmt":"2017-02-01T14:10:50","guid":{"rendered":"http:\/\/piniel.ch\/wordpress\/?page_id=34"},"modified":"2024-08-07T15:30:35","modified_gmt":"2024-08-07T14:30:35","slug":"lesungen","status":"publish","type":"page","link":"https:\/\/piniel.ch\/wordpress\/lesungen\/","title":{"rendered":"Lesungen"},"content":{"rendered":"\n<h1 class=\"wp-block-heading\">Lesungen<\/h1>\n\n\n\n<p><strong>Demn\u00e4chst<\/strong>: Lyrik-Lesung &#8222;Aus dem Fluss der Stille&#8220;, <strong>12. September<\/strong> 2024, 19.30, QuBa, Bachlettenstrasse 12, 4054 Basel<\/p>\n\n\n\n<p><\/p>\n\n\n<div class=\"wp-block-image\">\n<figure class=\"alignright\"><img loading=\"lazy\" decoding=\"async\" width=\"300\" height=\"401\" src=\"http:\/\/piniel.ch\/wordpress\/wp-content\/uploads\/2017\/02\/lesung_jolanda_piniel-300x401.jpg\" alt=\"Jolanda Piniel: Lesung im Teatro Ticino in W\u00e4denswil anl\u00e4sslich der Verleihung des Werkbeitrags 2016 durch die Fachstelle Kultur des Kantons Z\u00fcrich\" class=\"wp-image-413\" srcset=\"https:\/\/piniel.ch\/wordpress\/wp-content\/uploads\/2017\/02\/lesung_jolanda_piniel-300x401.jpg 300w, https:\/\/piniel.ch\/wordpress\/wp-content\/uploads\/2017\/02\/lesung_jolanda_piniel.jpg 500w\" sizes=\"auto, (max-width: 300px) 100vw, 300px\" \/><\/figure>\n<\/div>\n\n\n<p><strong><a href=\"mailto:piniel@bluewin.ch\" target=\"_blank\" rel=\"noopener noreferrer\">Anfragen<\/a><\/strong><\/p>\n\n\n\n<h3 class=\"wp-block-heading\">Lesungen fanden statt in<\/h3>\n\n\n\n<p>\u2022<strong> Kiel:<\/strong> Europ\u00e4isches Romandeb\u00fctfestival \u2022&nbsp;<strong>Frankfurt:<\/strong> Buchmesse \u2022&nbsp;<strong>Leipzig:<\/strong> Buchmesse<br>\u2022<strong> Bukarest:<\/strong> Buchmesse<\/p>\n\n\n\n<p>\u2022<strong> Z\u00fcrich:<\/strong> Literaturhaus * sph\u00e8res * Cabaret Voltaire * Schreinerei * z\u00fcrich liest * Never Stop Reading \u2022&nbsp;<strong>Winterthur:<\/strong> Stadtbibliothek * Morgenland * Kunsthalle Caf\u00e9 des Arts \u2022&nbsp;<strong>Wetzikon:<\/strong> camera lit. Obscura \u2022&nbsp;<strong>W\u00e4denswil:<\/strong> Teatro Ticino \u2022&nbsp;<strong>Uerikon:<\/strong> Ritterhauskapelle \u2022&nbsp;<strong>Solothurn: <\/strong>Solothurner Literaturtage \u2022&nbsp;<strong>Lenzburg:<\/strong> Caf\u00e9 Lit\u00e9raire \u2022&nbsp;<strong>Bern:<\/strong> Lyceum Club \u2022&nbsp;<strong>Basel:<\/strong> Lesegesellschaft * buch basel<\/p>\n\n\n\n<h1 class=\"wp-block-heading\">&nbsp;<\/h1>\n","protected":false},"excerpt":{"rendered":"<p>Lesungen Demn\u00e4chst: Lyrik-Lesung &#8222;Aus dem Fluss der Stille&#8220;, 12. September 2024, 19.30, QuBa, Bachlettenstrasse 12, 4054 Basel Anfragen Lesungen fanden statt in \u2022 Kiel: Europ\u00e4isches Romandeb\u00fctfestival \u2022&nbsp;Frankfurt: Buchmesse \u2022&nbsp;Leipzig: Buchmesse\u2022 Bukarest: Buchmesse \u2022 Z\u00fcrich: Literaturhaus * sph\u00e8res * Cabaret Voltaire * Schreinerei * z\u00fcrich liest * Never Stop Reading \u2022&nbsp;Winterthur: Stadtbibliothek * Morgenland * Kunsthalle&hellip;&nbsp;<a href=\"https:\/\/piniel.ch\/wordpress\/lesungen\/\" rel=\"bookmark\">Weiterlesen &raquo;<span class=\"screen-reader-text\">Lesungen<\/span><\/a><\/p>\n","protected":false},"author":1,"featured_media":0,"parent":0,"menu_order":0,"comment_status":"closed","ping_status":"closed","template":"","meta":{"neve_meta_sidebar":"","neve_meta_container":"","neve_meta_enable_content_width":"","neve_meta_content_width":0,"neve_meta_title_alignment":"","neve_meta_author_avatar":"","neve_post_elements_order":"","neve_meta_disable_header":"","neve_meta_disable_footer":"","neve_meta_disable_title":"","footnotes":""},"class_list":["post-34","page","type-page","status-publish","hentry"],"yoast_head":"<!-- This site is optimized with the Yoast SEO plugin v27.0 - https:\/\/yoast.com\/product\/yoast-seo-wordpress\/ -->\n<title>Lesungen - Jolanda Piniel Schriftstellerin<\/title>\n<meta name=\"description\" content=\"Lesungen und Veranstaltungen der Schweizer Schriftstellerin Jolanda Piniel werden auf ihrer website www.piniel.ch laufend aktualisiert.\" \/>\n<meta name=\"robots\" content=\"index, follow, max-snippet:-1, max-image-preview:large, max-video-preview:-1\" \/>\n<link rel=\"canonical\" href=\"https:\/\/piniel.ch\/wordpress\/lesungen\/\" \/>\n<meta property=\"og:locale\" content=\"de_DE\" \/>\n<meta property=\"og:type\" content=\"article\" \/>\n<meta property=\"og:title\" content=\"Lesungen - Jolanda Piniel Schriftstellerin\" \/>\n<meta property=\"og:description\" content=\"Lesungen und Veranstaltungen der Schweizer Schriftstellerin Jolanda Piniel werden auf ihrer website www.piniel.ch laufend aktualisiert.\" \/>\n<meta property=\"og:url\" content=\"https:\/\/piniel.ch\/wordpress\/lesungen\/\" \/>\n<meta property=\"og:site_name\" content=\"Jolanda Piniel Schriftstellerin\" \/>\n<meta property=\"article:publisher\" content=\"https:\/\/www.facebook.com\/jolanda.piniel\" \/>\n<meta property=\"article:modified_time\" content=\"2024-08-07T14:30:35+00:00\" \/>\n<meta property=\"og:image\" content=\"http:\/\/piniel.ch\/wordpress\/wp-content\/uploads\/2017\/02\/lesung_jolanda_piniel-300x401.jpg\" \/>\n<meta name=\"twitter:card\" content=\"summary_large_image\" \/>\n<meta name=\"twitter:label1\" content=\"Gesch\u00e4tzte Lesezeit\" \/>\n\t<meta name=\"twitter:data1\" content=\"1\u00a0Minute\" \/>\n<script type=\"application\/ld+json\" class=\"yoast-schema-graph\">{\"@context\":\"https:\/\/schema.org\",\"@graph\":[{\"@type\":\"WebPage\",\"@id\":\"https:\/\/piniel.ch\/wordpress\/lesungen\/\",\"url\":\"https:\/\/piniel.ch\/wordpress\/lesungen\/\",\"name\":\"Lesungen - Jolanda Piniel Schriftstellerin\",\"isPartOf\":{\"@id\":\"https:\/\/piniel.ch\/wordpress\/#website\"},\"primaryImageOfPage\":{\"@id\":\"https:\/\/piniel.ch\/wordpress\/lesungen\/#primaryimage\"},\"image\":{\"@id\":\"https:\/\/piniel.ch\/wordpress\/lesungen\/#primaryimage\"},\"thumbnailUrl\":\"http:\/\/piniel.ch\/wordpress\/wp-content\/uploads\/2017\/02\/lesung_jolanda_piniel-300x401.jpg\",\"datePublished\":\"2017-02-01T14:10:50+00:00\",\"dateModified\":\"2024-08-07T14:30:35+00:00\",\"description\":\"Lesungen und Veranstaltungen der Schweizer Schriftstellerin Jolanda Piniel werden auf ihrer website www.piniel.ch laufend aktualisiert.\",\"breadcrumb\":{\"@id\":\"https:\/\/piniel.ch\/wordpress\/lesungen\/#breadcrumb\"},\"inLanguage\":\"de\",\"potentialAction\":[{\"@type\":\"ReadAction\",\"target\":[\"https:\/\/piniel.ch\/wordpress\/lesungen\/\"]}]},{\"@type\":\"ImageObject\",\"inLanguage\":\"de\",\"@id\":\"https:\/\/piniel.ch\/wordpress\/lesungen\/#primaryimage\",\"url\":\"http:\/\/piniel.ch\/wordpress\/wp-content\/uploads\/2017\/02\/lesung_jolanda_piniel-300x401.jpg\",\"contentUrl\":\"http:\/\/piniel.ch\/wordpress\/wp-content\/uploads\/2017\/02\/lesung_jolanda_piniel-300x401.jpg\"},{\"@type\":\"BreadcrumbList\",\"@id\":\"https:\/\/piniel.ch\/wordpress\/lesungen\/#breadcrumb\",\"itemListElement\":[{\"@type\":\"ListItem\",\"position\":1,\"name\":\"Startseite\",\"item\":\"https:\/\/piniel.ch\/wordpress\/\"},{\"@type\":\"ListItem\",\"position\":2,\"name\":\"Lesungen\"}]},{\"@type\":\"WebSite\",\"@id\":\"https:\/\/piniel.ch\/wordpress\/#website\",\"url\":\"https:\/\/piniel.ch\/wordpress\/\",\"name\":\"Jolanda Piniel Schriftstellerin\",\"description\":\"Jolanda Piniel wurde 1969 in Winterthur geboren. Nach dem Studum der Ethnologie und Hispanistik arbeitete sie als Radiojournalistin, Filmemacherin und wissenschaftliche Mitarbeiterin bei Forschungsprojekten. Die Autorin lebt in Z\u00fcrich.\",\"publisher\":{\"@id\":\"https:\/\/piniel.ch\/wordpress\/#\/schema\/person\/71f39221d0caedf46e115501880de3b2\"},\"potentialAction\":[{\"@type\":\"SearchAction\",\"target\":{\"@type\":\"EntryPoint\",\"urlTemplate\":\"https:\/\/piniel.ch\/wordpress\/?s={search_term_string}\"},\"query-input\":{\"@type\":\"PropertyValueSpecification\",\"valueRequired\":true,\"valueName\":\"search_term_string\"}}],\"inLanguage\":\"de\"},{\"@type\":[\"Person\",\"Organization\"],\"@id\":\"https:\/\/piniel.ch\/wordpress\/#\/schema\/person\/71f39221d0caedf46e115501880de3b2\",\"name\":\"Jolanda Piniel\",\"image\":{\"@type\":\"ImageObject\",\"inLanguage\":\"de\",\"@id\":\"https:\/\/piniel.ch\/wordpress\/#\/schema\/person\/image\/\",\"url\":\"https:\/\/piniel.ch\/wordpress\/wp-content\/uploads\/2017\/02\/Jolanda-Piniel-Foto@Ayse--681x1024.jpg\",\"contentUrl\":\"https:\/\/piniel.ch\/wordpress\/wp-content\/uploads\/2017\/02\/Jolanda-Piniel-Foto@Ayse--681x1024.jpg\",\"width\":681,\"height\":1024,\"caption\":\"Jolanda Piniel\"},\"logo\":{\"@id\":\"https:\/\/piniel.ch\/wordpress\/#\/schema\/person\/image\/\"},\"sameAs\":[\"http:\/\/Piniel.ch\",\"https:\/\/www.facebook.com\/jolanda.piniel\"]}]}<\/script>\n<!-- \/ Yoast SEO plugin. -->","yoast_head_json":{"title":"Lesungen - Jolanda Piniel Schriftstellerin","description":"Lesungen und Veranstaltungen der Schweizer Schriftstellerin Jolanda Piniel werden auf ihrer website www.piniel.ch laufend aktualisiert.","robots":{"index":"index","follow":"follow","max-snippet":"max-snippet:-1","max-image-preview":"max-image-preview:large","max-video-preview":"max-video-preview:-1"},"canonical":"https:\/\/piniel.ch\/wordpress\/lesungen\/","og_locale":"de_DE","og_type":"article","og_title":"Lesungen - Jolanda Piniel Schriftstellerin","og_description":"Lesungen und Veranstaltungen der Schweizer Schriftstellerin Jolanda Piniel werden auf ihrer website www.piniel.ch laufend aktualisiert.","og_url":"https:\/\/piniel.ch\/wordpress\/lesungen\/","og_site_name":"Jolanda Piniel Schriftstellerin","article_publisher":"https:\/\/www.facebook.com\/jolanda.piniel","article_modified_time":"2024-08-07T14:30:35+00:00","og_image":[{"url":"http:\/\/piniel.ch\/wordpress\/wp-content\/uploads\/2017\/02\/lesung_jolanda_piniel-300x401.jpg","type":"","width":"","height":""}],"twitter_card":"summary_large_image","twitter_misc":{"Gesch\u00e4tzte Lesezeit":"1\u00a0Minute"},"schema":{"@context":"https:\/\/schema.org","@graph":[{"@type":"WebPage","@id":"https:\/\/piniel.ch\/wordpress\/lesungen\/","url":"https:\/\/piniel.ch\/wordpress\/lesungen\/","name":"Lesungen - Jolanda Piniel Schriftstellerin","isPartOf":{"@id":"https:\/\/piniel.ch\/wordpress\/#website"},"primaryImageOfPage":{"@id":"https:\/\/piniel.ch\/wordpress\/lesungen\/#primaryimage"},"image":{"@id":"https:\/\/piniel.ch\/wordpress\/lesungen\/#primaryimage"},"thumbnailUrl":"http:\/\/piniel.ch\/wordpress\/wp-content\/uploads\/2017\/02\/lesung_jolanda_piniel-300x401.jpg","datePublished":"2017-02-01T14:10:50+00:00","dateModified":"2024-08-07T14:30:35+00:00","description":"Lesungen und Veranstaltungen der Schweizer Schriftstellerin Jolanda Piniel werden auf ihrer website www.piniel.ch laufend aktualisiert.","breadcrumb":{"@id":"https:\/\/piniel.ch\/wordpress\/lesungen\/#breadcrumb"},"inLanguage":"de","potentialAction":[{"@type":"ReadAction","target":["https:\/\/piniel.ch\/wordpress\/lesungen\/"]}]},{"@type":"ImageObject","inLanguage":"de","@id":"https:\/\/piniel.ch\/wordpress\/lesungen\/#primaryimage","url":"http:\/\/piniel.ch\/wordpress\/wp-content\/uploads\/2017\/02\/lesung_jolanda_piniel-300x401.jpg","contentUrl":"http:\/\/piniel.ch\/wordpress\/wp-content\/uploads\/2017\/02\/lesung_jolanda_piniel-300x401.jpg"},{"@type":"BreadcrumbList","@id":"https:\/\/piniel.ch\/wordpress\/lesungen\/#breadcrumb","itemListElement":[{"@type":"ListItem","position":1,"name":"Startseite","item":"https:\/\/piniel.ch\/wordpress\/"},{"@type":"ListItem","position":2,"name":"Lesungen"}]},{"@type":"WebSite","@id":"https:\/\/piniel.ch\/wordpress\/#website","url":"https:\/\/piniel.ch\/wordpress\/","name":"Jolanda Piniel Schriftstellerin","description":"Jolanda Piniel wurde 1969 in Winterthur geboren. Nach dem Studum der Ethnologie und Hispanistik arbeitete sie als Radiojournalistin, Filmemacherin und wissenschaftliche Mitarbeiterin bei Forschungsprojekten. Die Autorin lebt in Z\u00fcrich.","publisher":{"@id":"https:\/\/piniel.ch\/wordpress\/#\/schema\/person\/71f39221d0caedf46e115501880de3b2"},"potentialAction":[{"@type":"SearchAction","target":{"@type":"EntryPoint","urlTemplate":"https:\/\/piniel.ch\/wordpress\/?s={search_term_string}"},"query-input":{"@type":"PropertyValueSpecification","valueRequired":true,"valueName":"search_term_string"}}],"inLanguage":"de"},{"@type":["Person","Organization"],"@id":"https:\/\/piniel.ch\/wordpress\/#\/schema\/person\/71f39221d0caedf46e115501880de3b2","name":"Jolanda Piniel","image":{"@type":"ImageObject","inLanguage":"de","@id":"https:\/\/piniel.ch\/wordpress\/#\/schema\/person\/image\/","url":"https:\/\/piniel.ch\/wordpress\/wp-content\/uploads\/2017\/02\/Jolanda-Piniel-Foto@Ayse--681x1024.jpg","contentUrl":"https:\/\/piniel.ch\/wordpress\/wp-content\/uploads\/2017\/02\/Jolanda-Piniel-Foto@Ayse--681x1024.jpg","width":681,"height":1024,"caption":"Jolanda Piniel"},"logo":{"@id":"https:\/\/piniel.ch\/wordpress\/#\/schema\/person\/image\/"},"sameAs":["http:\/\/Piniel.ch","https:\/\/www.facebook.com\/jolanda.piniel"]}]}},"_links":{"self":[{"href":"https:\/\/piniel.ch\/wordpress\/wp-json\/wp\/v2\/pages\/34","targetHints":{"allow":["GET"]}}],"collection":[{"href":"https:\/\/piniel.ch\/wordpress\/wp-json\/wp\/v2\/pages"}],"about":[{"href":"https:\/\/piniel.ch\/wordpress\/wp-json\/wp\/v2\/types\/page"}],"author":[{"embeddable":true,"href":"https:\/\/piniel.ch\/wordpress\/wp-json\/wp\/v2\/users\/1"}],"replies":[{"embeddable":true,"href":"https:\/\/piniel.ch\/wordpress\/wp-json\/wp\/v2\/comments?post=34"}],"version-history":[{"count":104,"href":"https:\/\/piniel.ch\/wordpress\/wp-json\/wp\/v2\/pages\/34\/revisions"}],"predecessor-version":[{"id":1006,"href":"https:\/\/piniel.ch\/wordpress\/wp-json\/wp\/v2\/pages\/34\/revisions\/1006"}],"wp:attachment":[{"href":"https:\/\/piniel.ch\/wordpress\/wp-json\/wp\/v2\/media?parent=34"}],"curies":[{"name":"wp","href":"https:\/\/api.w.org\/{rel}","templated":true}]}}